{"id":52,"date":"2020-09-07T14:11:54","date_gmt":"2020-09-07T14:11:54","guid":{"rendered":"http:\/\/park-hotel-lisboa.ms.decms.eu\/?page_id=52"},"modified":"2021-05-25T16:19:55","modified_gmt":"2021-05-25T16:19:55","slug":"ubicacion","status":"publish","type":"page","link":"https:\/\/www.hoteltravelpark.com\/es\/ubicacion\/","title":{"rendered":"Ubicaci\u00f3n"},"content":{"rendered":"<p style=\"text-align: justified\">A 20 minutos a pie de la Baixa de Lisboa y del casco hist\u00f3rico de la ciudad, el Hotel Travel Park Lisboa se encuentra cerca del aeropuerto y cerca del Centro de Congresos de Lisboa, ideal para quienes visitan la ciudad para la Web Summit, la BTl o la FIA. Su ubicaci\u00f3n privilegiada le permite explorar la ciudad a pie o en transporte p\u00fablico desde Chiado hasta Bairro Alto, Rossio y el Castillo de San Jorge, dejando el coche en el garaje cubierto del hotel. Ideal para visitas en familia como para reuniones de negocio, disfrute de los excelentes restaurantes situados en la calle del hotel, como la famosa cervecer\u00eda Portug\u00e1lia y la que es considerada la mejor marisquer\u00eda de Lisboa, el Restaurante Ramiro. Dispone de la mayor oferta de tiendas a 15 minutos del hotel. Le sugerimos desde la sofisticada Avenida da Liberdade a la oferta diversificada de Chiado o a las m\u00e1s tradicionales tiendas de Lisboa en la Baixa de la ciudad, junto al centro hist\u00f3rico de Lisboa. Si solo dispone de tiempo libre en el horario nocturno, tome el metro junto a la puerta del hotel y dir\u00edjase a los centros comerciales Colombo o Vasco da Gama, con tiendas abiertas hasta medianoche. El Oceanario de Lisboa, ubicado en el conocido Parque de las Naciones, se encuentra a 15 minutos en metro del Hotel Travel Park Lisboa, pudiendo disfrutar de momentos \u00fanicos en familia que los ni\u00f1os no olvidar\u00e1n. Igualmente interesante para toda la familia y accesible f\u00e1cilmente en coche o transporte p\u00fablico desde el hotel, sugerimos el Zool\u00f3gico de Lisboa, uno de los mejores de Europa.<\/p>\n","protected":false},"excerpt":{"rendered":"<p>A 20 minutos a pie de la Baixa de Lisboa y del casco hist\u00f3rico de la ciudad, el Hotel Travel Park Lisboa se encuentra cerca del aeropuerto y cerca del Centro de Congresos de Lisboa, ideal para quienes visitan la ciudad para la Web Summit, la BTl o la FIA. Su ubicaci\u00f3n privilegiada le permite [&hellip;]<\/p>\n","protected":false},"author":6,"featured_media":0,"parent":0,"menu_order":100,"comment_status":"closed","ping_status":"closed","template":"template-location.php","meta":{"footnotes":""},"class_list":["post-52","page","type-page","status-publish","hentry"],"yoast_head":"<!-- This site is optimized with the Yoast SEO plugin v26.9 - https:\/\/yoast.com\/product\/yoast-seo-wordpress\/ -->\n<title>Ubicaci\u00f3n - Park Hotel Lisboa<\/title>\n<meta name=\"robots\" content=\"index, follow, max-snippet:-1, max-image-preview:large, max-video-preview:-1\" \/>\n<link rel=\"canonical\" href=\"https:\/\/www.hoteltravelpark.com\/es\/ubicacion\/\" \/>\n<meta property=\"og:locale\" content=\"es_ES\" \/>\n<meta property=\"og:type\" content=\"article\" \/>\n<meta property=\"og:title\" content=\"Ubicaci\u00f3n - Park Hotel Lisboa\" \/>\n<meta property=\"og:description\" content=\"A 20 minutos a pie de la Baixa de Lisboa y del casco hist\u00f3rico de la ciudad, el Hotel Travel Park Lisboa se encuentra cerca del aeropuerto y cerca del Centro de Congresos de Lisboa, ideal para quienes visitan la ciudad para la Web Summit, la BTl o la FIA. Su ubicaci\u00f3n privilegiada le permite [&hellip;]\" \/>\n<meta property=\"og:url\" content=\"https:\/\/www.hoteltravelpark.com\/es\/ubicacion\/\" \/>\n<meta property=\"og:site_name\" content=\"Park Hotel Lisboa\" \/>\n<meta property=\"article:modified_time\" content=\"2021-05-25T16:19:55+00:00\" \/>\n<meta name=\"twitter:card\" content=\"summary_large_image\" \/>\n<meta name=\"twitter:label1\" content=\"Tiempo de lectura\" \/>\n\t<meta name=\"twitter:data1\" content=\"1 minuto\" \/>\n<script type=\"application\/ld+json\" class=\"yoast-schema-graph\">{\"@context\":\"https:\/\/schema.org\",\"@graph\":[{\"@type\":\"WebPage\",\"@id\":\"https:\/\/www.hoteltravelpark.com\/es\/ubicacion\/\",\"url\":\"https:\/\/www.hoteltravelpark.com\/es\/ubicacion\/\",\"name\":\"Ubicaci\u00f3n - Park Hotel Lisboa\",\"isPartOf\":{\"@id\":\"https:\/\/www.hoteltravelpark.com\/es\/#website\"},\"datePublished\":\"2020-09-07T14:11:54+00:00\",\"dateModified\":\"2021-05-25T16:19:55+00:00\",\"breadcrumb\":{\"@id\":\"https:\/\/www.hoteltravelpark.com\/es\/ubicacion\/#breadcrumb\"},\"inLanguage\":\"es\",\"potentialAction\":[{\"@type\":\"ReadAction\",\"target\":[\"https:\/\/www.hoteltravelpark.com\/es\/ubicacion\/\"]}]},{\"@type\":\"BreadcrumbList\",\"@id\":\"https:\/\/www.hoteltravelpark.com\/es\/ubicacion\/#breadcrumb\",\"itemListElement\":[{\"@type\":\"ListItem\",\"position\":1,\"name\":\"Home\",\"item\":\"https:\/\/www.hoteltravelpark.com\/es\/\"},{\"@type\":\"ListItem\",\"position\":2,\"name\":\"Ubicaci\u00f3n\"}]},{\"@type\":\"WebSite\",\"@id\":\"https:\/\/www.hoteltravelpark.com\/es\/#website\",\"url\":\"https:\/\/www.hoteltravelpark.com\/es\/\",\"name\":\"Park Hotel Lisboa\",\"description\":\"Just another ms.decms.eu site\",\"potentialAction\":[{\"@type\":\"SearchAction\",\"target\":{\"@type\":\"EntryPoint\",\"urlTemplate\":\"https:\/\/www.hoteltravelpark.com\/es\/?s={search_term_string}\"},\"query-input\":{\"@type\":\"PropertyValueSpecification\",\"valueRequired\":true,\"valueName\":\"search_term_string\"}}],\"inLanguage\":\"es\"}]}<\/script>\n<!-- \/ Yoast SEO plugin. -->","yoast_head_json":{"title":"Ubicaci\u00f3n - Park Hotel Lisboa","robots":{"index":"index","follow":"follow","max-snippet":"max-snippet:-1","max-image-preview":"max-image-preview:large","max-video-preview":"max-video-preview:-1"},"canonical":"https:\/\/www.hoteltravelpark.com\/es\/ubicacion\/","og_locale":"es_ES","og_type":"article","og_title":"Ubicaci\u00f3n - Park Hotel Lisboa","og_description":"A 20 minutos a pie de la Baixa de Lisboa y del casco hist\u00f3rico de la ciudad, el Hotel Travel Park Lisboa se encuentra cerca del aeropuerto y cerca del Centro de Congresos de Lisboa, ideal para quienes visitan la ciudad para la Web Summit, la BTl o la FIA. Su ubicaci\u00f3n privilegiada le permite [&hellip;]","og_url":"https:\/\/www.hoteltravelpark.com\/es\/ubicacion\/","og_site_name":"Park Hotel Lisboa","article_modified_time":"2021-05-25T16:19:55+00:00","twitter_card":"summary_large_image","twitter_misc":{"Tiempo de lectura":"1 minuto"},"schema":{"@context":"https:\/\/schema.org","@graph":[{"@type":"WebPage","@id":"https:\/\/www.hoteltravelpark.com\/es\/ubicacion\/","url":"https:\/\/www.hoteltravelpark.com\/es\/ubicacion\/","name":"Ubicaci\u00f3n - Park Hotel Lisboa","isPartOf":{"@id":"https:\/\/www.hoteltravelpark.com\/es\/#website"},"datePublished":"2020-09-07T14:11:54+00:00","dateModified":"2021-05-25T16:19:55+00:00","breadcrumb":{"@id":"https:\/\/www.hoteltravelpark.com\/es\/ubicacion\/#breadcrumb"},"inLanguage":"es","potentialAction":[{"@type":"ReadAction","target":["https:\/\/www.hoteltravelpark.com\/es\/ubicacion\/"]}]},{"@type":"BreadcrumbList","@id":"https:\/\/www.hoteltravelpark.com\/es\/ubicacion\/#breadcrumb","itemListElement":[{"@type":"ListItem","position":1,"name":"Home","item":"https:\/\/www.hoteltravelpark.com\/es\/"},{"@type":"ListItem","position":2,"name":"Ubicaci\u00f3n"}]},{"@type":"WebSite","@id":"https:\/\/www.hoteltravelpark.com\/es\/#website","url":"https:\/\/www.hoteltravelpark.com\/es\/","name":"Park Hotel Lisboa","description":"Just another ms.decms.eu site","potentialAction":[{"@type":"SearchAction","target":{"@type":"EntryPoint","urlTemplate":"https:\/\/www.hoteltravelpark.com\/es\/?s={search_term_string}"},"query-input":{"@type":"PropertyValueSpecification","valueRequired":true,"valueName":"search_term_string"}}],"inLanguage":"es"}]}},"acf":[],"_links":{"self":[{"href":"https:\/\/www.hoteltravelpark.com\/es\/wp-json\/wp\/v2\/pages\/52","targetHints":{"allow":["GET"]}}],"collection":[{"href":"https:\/\/www.hoteltravelpark.com\/es\/wp-json\/wp\/v2\/pages"}],"about":[{"href":"https:\/\/www.hoteltravelpark.com\/es\/wp-json\/wp\/v2\/types\/page"}],"author":[{"embeddable":true,"href":"https:\/\/www.hoteltravelpark.com\/es\/wp-json\/wp\/v2\/users\/6"}],"replies":[{"embeddable":true,"href":"https:\/\/www.hoteltravelpark.com\/es\/wp-json\/wp\/v2\/comments?post=52"}],"version-history":[{"count":0,"href":"https:\/\/www.hoteltravelpark.com\/es\/wp-json\/wp\/v2\/pages\/52\/revisions"}],"wp:attachment":[{"href":"https:\/\/www.hoteltravelpark.com\/es\/wp-json\/wp\/v2\/media?parent=52"}],"curies":[{"name":"wp","href":"https:\/\/api.w.org\/{rel}","templated":true}]}}