{"id":29,"date":"2020-09-02T12:46:44","date_gmt":"2020-09-02T12:46:44","guid":{"rendered":"http:\/\/park-hotel-lisboa.ms.decms.eu\/?page_id=29"},"modified":"2020-10-15T09:42:31","modified_gmt":"2020-10-15T09:42:31","slug":"habitaciones","status":"publish","type":"page","link":"https:\/\/www.hoteltravelpark.com\/es\/habitaciones\/","title":{"rendered":"Habitaciones"},"content":{"rendered":"<p style=\"text-align: justified;\">Totalmente remodelado en 2019, el Hotel Travel Park Lisboa ofrece 61 habitaciones luminosas, decoradas con confort y elegancia, que invitan a la tranquilidad y al descanso en el centro de la ciudad.En todas las habitaciones de este hotel encontrar\u00e1 una c\u00f3moda mesa de escritorio y le ofrecemos wifi de alta velocidad exclusivo para nuestros hu\u00e9spedes. Ponemos a disposici\u00f3n de su familia nuestras c\u00f3modas camas supletorias, as\u00ed como habitaciones especiales para movilidad reducida.A su llegada encontrar\u00e1 una gama de productos de acogida (amenities) que har\u00e1n su estancia en Lisboa m\u00e1s agradable: jab\u00f3n, gel de ducha, champ\u00fa, gorro de ducha y crema hidratante de la mejor calidad.<\/p>\n","protected":false},"excerpt":{"rendered":"<p>Totalmente remodelado en 2019, el Hotel Travel Park Lisboa ofrece 61 habitaciones luminosas, decoradas con confort y elegancia, que invitan a la tranquilidad y al descanso en el centro de la ciudad.En todas las habitaciones de este hotel encontrar\u00e1 una c\u00f3moda mesa de escritorio y le ofrecemos wifi de alta velocidad exclusivo para nuestros hu\u00e9spedes. [&hellip;]<\/p>\n","protected":false},"author":6,"featured_media":0,"parent":0,"menu_order":10,"comment_status":"closed","ping_status":"closed","template":"template-rooms.php","meta":{"footnotes":""},"class_list":["post-29","page","type-page","status-publish","hentry"],"yoast_head":"<!-- This site is optimized with the Yoast SEO plugin v26.9 - https:\/\/yoast.com\/product\/yoast-seo-wordpress\/ -->\n<title>Habitaciones - Park Hotel Lisboa<\/title>\n<meta name=\"robots\" content=\"index, follow, max-snippet:-1, max-image-preview:large, max-video-preview:-1\" \/>\n<link rel=\"canonical\" href=\"https:\/\/www.hoteltravelpark.com\/es\/habitaciones\/\" \/>\n<meta property=\"og:locale\" content=\"es_ES\" \/>\n<meta property=\"og:type\" content=\"article\" \/>\n<meta property=\"og:title\" content=\"Habitaciones - Park Hotel Lisboa\" \/>\n<meta property=\"og:description\" content=\"Totalmente remodelado en 2019, el Hotel Travel Park Lisboa ofrece 61 habitaciones luminosas, decoradas con confort y elegancia, que invitan a la tranquilidad y al descanso en el centro de la ciudad.En todas las habitaciones de este hotel encontrar\u00e1 una c\u00f3moda mesa de escritorio y le ofrecemos wifi de alta velocidad exclusivo para nuestros hu\u00e9spedes. [&hellip;]\" \/>\n<meta property=\"og:url\" content=\"https:\/\/www.hoteltravelpark.com\/es\/habitaciones\/\" \/>\n<meta property=\"og:site_name\" content=\"Park Hotel Lisboa\" \/>\n<meta property=\"article:modified_time\" content=\"2020-10-15T09:42:31+00:00\" \/>\n<meta name=\"twitter:card\" content=\"summary_large_image\" \/>\n<meta name=\"twitter:label1\" content=\"Tiempo de lectura\" \/>\n\t<meta name=\"twitter:data1\" content=\"1 minuto\" \/>\n<script type=\"application\/ld+json\" class=\"yoast-schema-graph\">{\"@context\":\"https:\/\/schema.org\",\"@graph\":[{\"@type\":\"WebPage\",\"@id\":\"https:\/\/www.hoteltravelpark.com\/es\/habitaciones\/\",\"url\":\"https:\/\/www.hoteltravelpark.com\/es\/habitaciones\/\",\"name\":\"Habitaciones - Park Hotel Lisboa\",\"isPartOf\":{\"@id\":\"https:\/\/www.hoteltravelpark.com\/es\/#website\"},\"datePublished\":\"2020-09-02T12:46:44+00:00\",\"dateModified\":\"2020-10-15T09:42:31+00:00\",\"breadcrumb\":{\"@id\":\"https:\/\/www.hoteltravelpark.com\/es\/habitaciones\/#breadcrumb\"},\"inLanguage\":\"es\",\"potentialAction\":[{\"@type\":\"ReadAction\",\"target\":[\"https:\/\/www.hoteltravelpark.com\/es\/habitaciones\/\"]}]},{\"@type\":\"BreadcrumbList\",\"@id\":\"https:\/\/www.hoteltravelpark.com\/es\/habitaciones\/#breadcrumb\",\"itemListElement\":[{\"@type\":\"ListItem\",\"position\":1,\"name\":\"Home\",\"item\":\"https:\/\/www.hoteltravelpark.com\/es\/\"},{\"@type\":\"ListItem\",\"position\":2,\"name\":\"Habitaciones\"}]},{\"@type\":\"WebSite\",\"@id\":\"https:\/\/www.hoteltravelpark.com\/es\/#website\",\"url\":\"https:\/\/www.hoteltravelpark.com\/es\/\",\"name\":\"Park Hotel Lisboa\",\"description\":\"Just another ms.decms.eu site\",\"potentialAction\":[{\"@type\":\"SearchAction\",\"target\":{\"@type\":\"EntryPoint\",\"urlTemplate\":\"https:\/\/www.hoteltravelpark.com\/es\/?s={search_term_string}\"},\"query-input\":{\"@type\":\"PropertyValueSpecification\",\"valueRequired\":true,\"valueName\":\"search_term_string\"}}],\"inLanguage\":\"es\"}]}<\/script>\n<!-- \/ Yoast SEO plugin. -->","yoast_head_json":{"title":"Habitaciones - Park Hotel Lisboa","robots":{"index":"index","follow":"follow","max-snippet":"max-snippet:-1","max-image-preview":"max-image-preview:large","max-video-preview":"max-video-preview:-1"},"canonical":"https:\/\/www.hoteltravelpark.com\/es\/habitaciones\/","og_locale":"es_ES","og_type":"article","og_title":"Habitaciones - Park Hotel Lisboa","og_description":"Totalmente remodelado en 2019, el Hotel Travel Park Lisboa ofrece 61 habitaciones luminosas, decoradas con confort y elegancia, que invitan a la tranquilidad y al descanso en el centro de la ciudad.En todas las habitaciones de este hotel encontrar\u00e1 una c\u00f3moda mesa de escritorio y le ofrecemos wifi de alta velocidad exclusivo para nuestros hu\u00e9spedes. [&hellip;]","og_url":"https:\/\/www.hoteltravelpark.com\/es\/habitaciones\/","og_site_name":"Park Hotel Lisboa","article_modified_time":"2020-10-15T09:42:31+00:00","twitter_card":"summary_large_image","twitter_misc":{"Tiempo de lectura":"1 minuto"},"schema":{"@context":"https:\/\/schema.org","@graph":[{"@type":"WebPage","@id":"https:\/\/www.hoteltravelpark.com\/es\/habitaciones\/","url":"https:\/\/www.hoteltravelpark.com\/es\/habitaciones\/","name":"Habitaciones - Park Hotel Lisboa","isPartOf":{"@id":"https:\/\/www.hoteltravelpark.com\/es\/#website"},"datePublished":"2020-09-02T12:46:44+00:00","dateModified":"2020-10-15T09:42:31+00:00","breadcrumb":{"@id":"https:\/\/www.hoteltravelpark.com\/es\/habitaciones\/#breadcrumb"},"inLanguage":"es","potentialAction":[{"@type":"ReadAction","target":["https:\/\/www.hoteltravelpark.com\/es\/habitaciones\/"]}]},{"@type":"BreadcrumbList","@id":"https:\/\/www.hoteltravelpark.com\/es\/habitaciones\/#breadcrumb","itemListElement":[{"@type":"ListItem","position":1,"name":"Home","item":"https:\/\/www.hoteltravelpark.com\/es\/"},{"@type":"ListItem","position":2,"name":"Habitaciones"}]},{"@type":"WebSite","@id":"https:\/\/www.hoteltravelpark.com\/es\/#website","url":"https:\/\/www.hoteltravelpark.com\/es\/","name":"Park Hotel Lisboa","description":"Just another ms.decms.eu site","potentialAction":[{"@type":"SearchAction","target":{"@type":"EntryPoint","urlTemplate":"https:\/\/www.hoteltravelpark.com\/es\/?s={search_term_string}"},"query-input":{"@type":"PropertyValueSpecification","valueRequired":true,"valueName":"search_term_string"}}],"inLanguage":"es"}]}},"acf":[],"_links":{"self":[{"href":"https:\/\/www.hoteltravelpark.com\/es\/wp-json\/wp\/v2\/pages\/29","targetHints":{"allow":["GET"]}}],"collection":[{"href":"https:\/\/www.hoteltravelpark.com\/es\/wp-json\/wp\/v2\/pages"}],"about":[{"href":"https:\/\/www.hoteltravelpark.com\/es\/wp-json\/wp\/v2\/types\/page"}],"author":[{"embeddable":true,"href":"https:\/\/www.hoteltravelpark.com\/es\/wp-json\/wp\/v2\/users\/6"}],"replies":[{"embeddable":true,"href":"https:\/\/www.hoteltravelpark.com\/es\/wp-json\/wp\/v2\/comments?post=29"}],"version-history":[{"count":0,"href":"https:\/\/www.hoteltravelpark.com\/es\/wp-json\/wp\/v2\/pages\/29\/revisions"}],"wp:attachment":[{"href":"https:\/\/www.hoteltravelpark.com\/es\/wp-json\/wp\/v2\/media?parent=29"}],"curies":[{"name":"wp","href":"https:\/\/api.w.org\/{rel}","templated":true}]}}