{"id":8,"date":"2020-09-01T15:54:46","date_gmt":"2020-09-01T15:54:46","guid":{"rendered":"http:\/\/park-hotel-lisboa.ms.decms.eu\/?page_id=8"},"modified":"2023-01-30T09:49:57","modified_gmt":"2023-01-30T09:49:57","slug":"travel-park-lisboa","status":"publish","type":"page","link":"https:\/\/www.hoteltravelpark.com\/es\/","title":{"rendered":"Hotel Travel Park Lisboa"},"content":{"rendered":"<p style=\"text-align: justify\">Remodelado en 2019 en un estilo cosmopolita, el Hotel Travel Park Lisboa dispone de una ubicaci\u00f3n privilegiada junto al centro de la ciudad, a unos 20 minutos a pie de las zonas m\u00e1s emblem\u00e1ticas de Lisboa como Chiado, Pr\u00edncipe Real, Avenida da Liberdade, Rossio, Bairro Alto o el Castillo de San Jorge. De f\u00e1cil acceso tambi\u00e9n al aeropuerto o a ciudades como Cascais y Sintra, el Hotel Travel Park Lisboa dispone de garaje en el edificio, permitiendo utilizar el metro situado en la puerta del hotel o caminar simplemente por la capital. Si desea unirse al trabajo en remoto, el Hotel Travel Park Lisboa le ofrece wifi, mesa de escritorio en todas las habitaciones y salas multiusos para reuniones con capacidad de hasta 100 personas, disponiendo as\u00ed de las mejores condiciones para que pueda liderar sus negocios con todo el confort y seguridad sin necesidad de desplazarse. Tambi\u00e9n tiene a su disposici\u00f3n una zona lounge con terraza y aparcamiento cubierto con capacidad para 130 coches.<\/p>\n","protected":false},"excerpt":{"rendered":"<p>Remodelado en 2019 en un estilo cosmopolita, el Hotel Travel Park Lisboa dispone de una ubicaci\u00f3n privilegiada junto al centro de la ciudad, a unos 20 minutos a pie de las zonas m\u00e1s emblem\u00e1ticas de Lisboa como Chiado, Pr\u00edncipe Real, Avenida da Liberdade, Rossio, Bairro Alto o el Castillo de San Jorge. De f\u00e1cil acceso [&hellip;]<\/p>\n","protected":false},"author":6,"featured_media":0,"parent":0,"menu_order":0,"comment_status":"closed","ping_status":"closed","template":"","meta":{"footnotes":""},"class_list":["post-8","page","type-page","status-publish","hentry"],"yoast_head":"<!-- This site is optimized with the Yoast SEO plugin v26.9 - https:\/\/yoast.com\/product\/yoast-seo-wordpress\/ -->\n<title>Hotel Travel Park Lisboa - Park Hotel Lisboa<\/title>\n<meta name=\"robots\" content=\"index, follow, max-snippet:-1, max-image-preview:large, max-video-preview:-1\" \/>\n<link rel=\"canonical\" href=\"https:\/\/www.hoteltravelpark.com\/es\/\" \/>\n<meta property=\"og:locale\" content=\"es_ES\" \/>\n<meta property=\"og:type\" content=\"article\" \/>\n<meta property=\"og:title\" content=\"Hotel Travel Park Lisboa - Park Hotel Lisboa\" \/>\n<meta property=\"og:description\" content=\"Remodelado en 2019 en un estilo cosmopolita, el Hotel Travel Park Lisboa dispone de una ubicaci\u00f3n privilegiada junto al centro de la ciudad, a unos 20 minutos a pie de las zonas m\u00e1s emblem\u00e1ticas de Lisboa como Chiado, Pr\u00edncipe Real, Avenida da Liberdade, Rossio, Bairro Alto o el Castillo de San Jorge. De f\u00e1cil acceso [&hellip;]\" \/>\n<meta property=\"og:url\" content=\"https:\/\/www.hoteltravelpark.com\/es\/\" \/>\n<meta property=\"og:site_name\" content=\"Park Hotel Lisboa\" \/>\n<meta property=\"article:modified_time\" content=\"2023-01-30T09:49:57+00:00\" \/>\n<meta name=\"twitter:card\" content=\"summary_large_image\" \/>\n<meta name=\"twitter:label1\" content=\"Tiempo de lectura\" \/>\n\t<meta name=\"twitter:data1\" content=\"1 minuto\" \/>\n<script type=\"application\/ld+json\" class=\"yoast-schema-graph\">{\"@context\":\"https:\/\/schema.org\",\"@graph\":[{\"@type\":\"WebPage\",\"@id\":\"https:\/\/www.hoteltravelpark.com\/es\/\",\"url\":\"https:\/\/www.hoteltravelpark.com\/es\/\",\"name\":\"Hotel Travel Park Lisboa - Park Hotel Lisboa\",\"isPartOf\":{\"@id\":\"https:\/\/www.hoteltravelpark.com\/es\/#website\"},\"datePublished\":\"2020-09-01T15:54:46+00:00\",\"dateModified\":\"2023-01-30T09:49:57+00:00\",\"breadcrumb\":{\"@id\":\"https:\/\/www.hoteltravelpark.com\/es\/#breadcrumb\"},\"inLanguage\":\"es\",\"potentialAction\":[{\"@type\":\"ReadAction\",\"target\":[\"https:\/\/www.hoteltravelpark.com\/es\/\"]}]},{\"@type\":\"BreadcrumbList\",\"@id\":\"https:\/\/www.hoteltravelpark.com\/es\/#breadcrumb\",\"itemListElement\":[{\"@type\":\"ListItem\",\"position\":1,\"name\":\"Home\",\"item\":\"https:\/\/www.hoteltravelpark.com\/es\/\"},{\"@type\":\"ListItem\",\"position\":2,\"name\":\"Hotel Travel Park Lisboa\"}]},{\"@type\":\"WebSite\",\"@id\":\"https:\/\/www.hoteltravelpark.com\/es\/#website\",\"url\":\"https:\/\/www.hoteltravelpark.com\/es\/\",\"name\":\"Park Hotel Lisboa\",\"description\":\"Just another ms.decms.eu site\",\"potentialAction\":[{\"@type\":\"SearchAction\",\"target\":{\"@type\":\"EntryPoint\",\"urlTemplate\":\"https:\/\/www.hoteltravelpark.com\/es\/?s={search_term_string}\"},\"query-input\":{\"@type\":\"PropertyValueSpecification\",\"valueRequired\":true,\"valueName\":\"search_term_string\"}}],\"inLanguage\":\"es\"}]}<\/script>\n<!-- \/ Yoast SEO plugin. -->","yoast_head_json":{"title":"Hotel Travel Park Lisboa - Park Hotel Lisboa","robots":{"index":"index","follow":"follow","max-snippet":"max-snippet:-1","max-image-preview":"max-image-preview:large","max-video-preview":"max-video-preview:-1"},"canonical":"https:\/\/www.hoteltravelpark.com\/es\/","og_locale":"es_ES","og_type":"article","og_title":"Hotel Travel Park Lisboa - Park Hotel Lisboa","og_description":"Remodelado en 2019 en un estilo cosmopolita, el Hotel Travel Park Lisboa dispone de una ubicaci\u00f3n privilegiada junto al centro de la ciudad, a unos 20 minutos a pie de las zonas m\u00e1s emblem\u00e1ticas de Lisboa como Chiado, Pr\u00edncipe Real, Avenida da Liberdade, Rossio, Bairro Alto o el Castillo de San Jorge. De f\u00e1cil acceso [&hellip;]","og_url":"https:\/\/www.hoteltravelpark.com\/es\/","og_site_name":"Park Hotel Lisboa","article_modified_time":"2023-01-30T09:49:57+00:00","twitter_card":"summary_large_image","twitter_misc":{"Tiempo de lectura":"1 minuto"},"schema":{"@context":"https:\/\/schema.org","@graph":[{"@type":"WebPage","@id":"https:\/\/www.hoteltravelpark.com\/es\/","url":"https:\/\/www.hoteltravelpark.com\/es\/","name":"Hotel Travel Park Lisboa - Park Hotel Lisboa","isPartOf":{"@id":"https:\/\/www.hoteltravelpark.com\/es\/#website"},"datePublished":"2020-09-01T15:54:46+00:00","dateModified":"2023-01-30T09:49:57+00:00","breadcrumb":{"@id":"https:\/\/www.hoteltravelpark.com\/es\/#breadcrumb"},"inLanguage":"es","potentialAction":[{"@type":"ReadAction","target":["https:\/\/www.hoteltravelpark.com\/es\/"]}]},{"@type":"BreadcrumbList","@id":"https:\/\/www.hoteltravelpark.com\/es\/#breadcrumb","itemListElement":[{"@type":"ListItem","position":1,"name":"Home","item":"https:\/\/www.hoteltravelpark.com\/es\/"},{"@type":"ListItem","position":2,"name":"Hotel Travel Park Lisboa"}]},{"@type":"WebSite","@id":"https:\/\/www.hoteltravelpark.com\/es\/#website","url":"https:\/\/www.hoteltravelpark.com\/es\/","name":"Park Hotel Lisboa","description":"Just another ms.decms.eu site","potentialAction":[{"@type":"SearchAction","target":{"@type":"EntryPoint","urlTemplate":"https:\/\/www.hoteltravelpark.com\/es\/?s={search_term_string}"},"query-input":{"@type":"PropertyValueSpecification","valueRequired":true,"valueName":"search_term_string"}}],"inLanguage":"es"}]}},"acf":[],"_links":{"self":[{"href":"https:\/\/www.hoteltravelpark.com\/es\/wp-json\/wp\/v2\/pages\/8","targetHints":{"allow":["GET"]}}],"collection":[{"href":"https:\/\/www.hoteltravelpark.com\/es\/wp-json\/wp\/v2\/pages"}],"about":[{"href":"https:\/\/www.hoteltravelpark.com\/es\/wp-json\/wp\/v2\/types\/page"}],"author":[{"embeddable":true,"href":"https:\/\/www.hoteltravelpark.com\/es\/wp-json\/wp\/v2\/users\/6"}],"replies":[{"embeddable":true,"href":"https:\/\/www.hoteltravelpark.com\/es\/wp-json\/wp\/v2\/comments?post=8"}],"version-history":[{"count":0,"href":"https:\/\/www.hoteltravelpark.com\/es\/wp-json\/wp\/v2\/pages\/8\/revisions"}],"wp:attachment":[{"href":"https:\/\/www.hoteltravelpark.com\/es\/wp-json\/wp\/v2\/media?parent=8"}],"curies":[{"name":"wp","href":"https:\/\/api.w.org\/{rel}","templated":true}]}}